{"id":13,"date":"2023-07-06T06:18:04","date_gmt":"2023-07-06T04:18:04","guid":{"rendered":"https:\/\/abonnement-maestrotv.org\/?page_id=13"},"modified":"2023-07-24T13:08:32","modified_gmt":"2023-07-24T11:08:32","slug":"parrainage","status":"publish","type":"page","link":"https:\/\/abonnement-maestrotv.org\/index.php\/parrainage\/","title":{"rendered":"Formulaire de Parrainage"},"content":{"rendered":"\n<div class=\"wp-block-stackable-image alignfull stk-block-image stk-block stk-846a688\" data-block-id=\"846a688\"><style>.stk-846a688 .stk-img-wrapper{width:100% !important;height:210px !important}<\/style><figure class=\"stk-img-wrapper stk-image--shape-stretch\"><img fetchpriority=\"high\" decoding=\"async\" class=\"stk-img wp-image-286\" src=\"https:\/\/abonnement-maestrotv.org\/wp-content\/uploads\/2023\/07\/1579465953.png\" width=\"1024\" height=\"302\" srcset=\"https:\/\/abonnement-maestrotv.org\/wp-content\/uploads\/2023\/07\/1579465953.png 1024w, https:\/\/abonnement-maestrotv.org\/wp-content\/uploads\/2023\/07\/1579465953-300x88.png 300w, https:\/\/abonnement-maestrotv.org\/wp-content\/uploads\/2023\/07\/1579465953-768x227.png 768w\" sizes=\"(max-width: 1024px) 100vw, 1024px\" \/><\/figure><\/div>\n\n\n\n<h3 class=\"wp-block-heading has-text-align-center\">\ud83c\udf81<span style=\"color: #ff0000;\"><strong>PARRAINAGE<\/strong><\/span>\ud83c\udf81<\/h3>\n\n\n\n<div id=\"cc-m-9862156786\" class=\"j-module n j-text \">\n<h5 style=\"text-align: center;\"><strong>Avec Nos Serveurs IPTV, Vous \u00eates r\u00e9compens\u00e9s lorsque vous parlez de nous.<\/strong><\/h5>\n<h5 style=\"text-align: center;\"><strong>En effet, \u00e0 chaque fois que l\u2019une de vos connaissances prendra attache avec nous et s&rsquo;engagera sur l&rsquo;un de nos abonnements de 12 Mois<span style=\"color: #0000ff;\"> vous b\u00e9n\u00e9ficierez de 1 MOIS GRATUIT<\/span> sur votre abonnement Actuel !&nbsp;<\/strong><\/h5>\n<h5 style=\"text-align: center;\"><strong>Comment faire ?<\/strong><\/h5>\n<h5 style=\"text-align: center;\"><strong>Tout simple, il suffit d&rsquo;\u00eatre abonn\u00e9 \u00e0 un Abonnement chez nous et de nous contacter, ou de donner les coordonn\u00e9s de votre Sponsor.<\/strong><\/h5>\n<p>&nbsp;<\/p>\n<\/div>\n\n\n\n<hr class=\"wp-block-separator has-text-color has-black-color has-alpha-channel-opacity has-black-background-color has-background is-style-wide\" style=\"margin-top:17px;margin-bottom:17px\"\/>\n\n\n<style id=\"wpforms-css-vars-292\">\n\t\t\t\t#wpforms-292 {\n\t\t\t\t\n\t\t\t}\n\t\t\t<\/style><div class=\"wpforms-container wpforms-container-full wpforms-render-modern\" id=\"wpforms-292\"><form id=\"wpforms-form-292\" class=\"wpforms-validate wpforms-form wpforms-ajax-form\" data-formid=\"292\" method=\"post\" enctype=\"multipart\/form-data\" action=\"\/index.php\/wp-json\/wp\/v2\/pages\/13\" data-token=\"3b3e6890e3f02365616b5a9ed59d0576\" data-token-time=\"1776199225\"><noscript class=\"wpforms-error-noscript\">Veuillez activer JavaScript dans votre navigateur pour remplir ce formulaire.<\/noscript><div id=\"wpforms-error-noscript\" style=\"display: none;\">Veuillez activer JavaScript dans votre navigateur pour remplir ce formulaire.<\/div><div class=\"wpforms-field-container\"><div id=\"wpforms-292-field_0-container\" class=\"wpforms-field wpforms-field-name\" data-field-id=\"0\"><label class=\"wpforms-field-label\" for=\"wpforms-292-field_0\">Nom <span class=\"wpforms-required-label\" aria-hidden=\"true\">*<\/span><\/label><input type=\"text\" id=\"wpforms-292-field_0\" class=\"wpforms-field-medium wpforms-field-required\" name=\"wpforms[fields][0]\" aria-errormessage=\"wpforms-292-field_0-error\" required><\/div><div id=\"wpforms-292-field_1-container\" class=\"wpforms-field wpforms-field-email\" data-field-id=\"1\"><label class=\"wpforms-field-label\" for=\"wpforms-292-field_1\">Email <span class=\"wpforms-required-label\" aria-hidden=\"true\">*<\/span><\/label><input type=\"email\" id=\"wpforms-292-field_1\" class=\"wpforms-field-medium wpforms-field-required\" name=\"wpforms[fields][1]\" spellcheck=\"false\" aria-errormessage=\"wpforms-292-field_1-error\" required><\/div><div id=\"wpforms-292-field_2-container\" class=\"wpforms-field wpforms-field-textarea\" data-field-id=\"2\"><label class=\"wpforms-field-label\" for=\"wpforms-292-field_2\">Message <span class=\"wpforms-required-label\" aria-hidden=\"true\">*<\/span><\/label><textarea id=\"wpforms-292-field_2\" class=\"wpforms-field-medium wpforms-field-required\" name=\"wpforms[fields][2]\" aria-errormessage=\"wpforms-292-field_2-error\" required><\/textarea><\/div><\/div><!-- .wpforms-field-container --><div class=\"wpforms-submit-container\" ><input type=\"hidden\" name=\"wpforms[id]\" value=\"292\"><input type=\"hidden\" name=\"page_title\" value=\"\"><input type=\"hidden\" name=\"page_url\" value=\"https:\/\/abonnement-maestrotv.org\/index.php\/wp-json\/wp\/v2\/pages\/13\"><input type=\"hidden\" name=\"url_referer\" value=\"\"><button type=\"submit\" name=\"wpforms[submit]\" id=\"wpforms-submit-292\" class=\"wpforms-submit\" data-alt-text=\"Envoi..\" data-submit-text=\"Envoyer\" aria-live=\"assertive\" value=\"wpforms-submit\">Envoyer<\/button><img decoding=\"async\" src=\"https:\/\/abonnement-maestrotv.org\/wp-content\/plugins\/wpforms-lite\/assets\/images\/submit-spin.svg\" class=\"wpforms-submit-spinner\" style=\"display: none;\" width=\"26\" height=\"26\" alt=\"Chargement en cours\"><\/div><\/form><\/div>  <!-- .wpforms-container -->\n\n\n\n<p><strong>Note :<\/strong>&nbsp;veuillez remplir les champs marqu\u00e9s d&rsquo;un&nbsp;<span style=\"color: var(--theme-palette-color-3, #ff1a1a);\" class=\"stk-highlight\">*<\/span>.<\/p>\n\n\n\n<hr class=\"wp-block-separator has-text-color has-black-color has-alpha-channel-opacity has-black-background-color has-background is-style-wide\" style=\"margin-top:17px;margin-bottom:17px\"\/>\n\n\n\n<hr class=\"wp-block-separator has-alpha-channel-opacity\"\/>\n\n\n\n<p><\/p>\n","protected":false},"excerpt":{"rendered":"<p>\ud83c\udf81PARRAINAGE\ud83c\udf81 Avec Nos Serveurs IPTV, Vous \u00eates r\u00e9compens\u00e9s lorsque vous parlez de nous. En effet, \u00e0 chaque fois que l\u2019une de vos connaissances prendra attache avec nous et s&rsquo;engagera sur l&rsquo;un de nos abonnements de 12 Mois vous b\u00e9n\u00e9ficierez de 1 MOIS GRATUIT sur votre abonnement Actuel !&nbsp; Comment faire ? Tout simple, il suffit [&hellip;]<\/p>\n","protected":false},"author":1,"featured_media":0,"parent":0,"menu_order":0,"comment_status":"closed","ping_status":"closed","template":"","meta":{"footnotes":""},"class_list":["post-13","page","type-page","status-publish","hentry"],"blocksy_meta":[],"yoast_head":"<!-- This site is optimized with the Yoast SEO plugin v27.3 - https:\/\/yoast.com\/product\/yoast-seo-wordpress\/ -->\n<title>Formulaire de Parrainage - abonnement-maestrotv<\/title>\n<meta name=\"robots\" content=\"index, follow, max-snippet:-1, max-image-preview:large, max-video-preview:-1\" \/>\n<link rel=\"canonical\" href=\"https:\/\/abonnement-maestrotv.org\/index.php\/parrainage\/\" \/>\n<meta property=\"og:locale\" content=\"fr_FR\" \/>\n<meta property=\"og:type\" content=\"article\" \/>\n<meta property=\"og:title\" content=\"Formulaire de Parrainage - abonnement-maestrotv\" \/>\n<meta property=\"og:description\" content=\"\ud83c\udf81PARRAINAGE\ud83c\udf81 Avec Nos Serveurs IPTV, Vous \u00eates r\u00e9compens\u00e9s lorsque vous parlez de nous. En effet, \u00e0 chaque fois que l\u2019une de vos connaissances prendra attache avec nous et s&rsquo;engagera sur l&rsquo;un de nos abonnements de 12 Mois vous b\u00e9n\u00e9ficierez de 1 MOIS GRATUIT sur votre abonnement Actuel !&nbsp; Comment faire ? Tout simple, il suffit [&hellip;]\" \/>\n<meta property=\"og:url\" content=\"https:\/\/abonnement-maestrotv.org\/index.php\/parrainage\/\" \/>\n<meta property=\"og:site_name\" content=\"abonnement-maestrotv\" \/>\n<meta property=\"article:modified_time\" content=\"2023-07-24T11:08:32+00:00\" \/>\n<meta property=\"og:image\" content=\"https:\/\/abonnement-maestrotv.org\/wp-content\/uploads\/2023\/07\/1579465953.png\" \/>\n<meta name=\"twitter:card\" content=\"summary_large_image\" \/>\n<meta name=\"twitter:label1\" content=\"Dur\u00e9e de lecture estim\u00e9e\" \/>\n\t<meta name=\"twitter:data1\" content=\"1 minute\" \/>\n<script type=\"application\/ld+json\" class=\"yoast-schema-graph\">{\"@context\":\"https:\\\/\\\/schema.org\",\"@graph\":[{\"@type\":\"WebPage\",\"@id\":\"https:\\\/\\\/abonnement-maestrotv.org\\\/index.php\\\/parrainage\\\/\",\"url\":\"https:\\\/\\\/abonnement-maestrotv.org\\\/index.php\\\/parrainage\\\/\",\"name\":\"Formulaire de Parrainage - abonnement-maestrotv\",\"isPartOf\":{\"@id\":\"https:\\\/\\\/abonnement-maestrotv.org\\\/#website\"},\"primaryImageOfPage\":{\"@id\":\"https:\\\/\\\/abonnement-maestrotv.org\\\/index.php\\\/parrainage\\\/#primaryimage\"},\"image\":{\"@id\":\"https:\\\/\\\/abonnement-maestrotv.org\\\/index.php\\\/parrainage\\\/#primaryimage\"},\"thumbnailUrl\":\"https:\\\/\\\/abonnement-maestrotv.org\\\/wp-content\\\/uploads\\\/2023\\\/07\\\/1579465953.png\",\"datePublished\":\"2023-07-06T04:18:04+00:00\",\"dateModified\":\"2023-07-24T11:08:32+00:00\",\"breadcrumb\":{\"@id\":\"https:\\\/\\\/abonnement-maestrotv.org\\\/index.php\\\/parrainage\\\/#breadcrumb\"},\"inLanguage\":\"fr-FR\",\"potentialAction\":[{\"@type\":\"ReadAction\",\"target\":[\"https:\\\/\\\/abonnement-maestrotv.org\\\/index.php\\\/parrainage\\\/\"]}]},{\"@type\":\"ImageObject\",\"inLanguage\":\"fr-FR\",\"@id\":\"https:\\\/\\\/abonnement-maestrotv.org\\\/index.php\\\/parrainage\\\/#primaryimage\",\"url\":\"https:\\\/\\\/abonnement-maestrotv.org\\\/wp-content\\\/uploads\\\/2023\\\/07\\\/1579465953.png\",\"contentUrl\":\"https:\\\/\\\/abonnement-maestrotv.org\\\/wp-content\\\/uploads\\\/2023\\\/07\\\/1579465953.png\",\"width\":1024,\"height\":302},{\"@type\":\"BreadcrumbList\",\"@id\":\"https:\\\/\\\/abonnement-maestrotv.org\\\/index.php\\\/parrainage\\\/#breadcrumb\",\"itemListElement\":[{\"@type\":\"ListItem\",\"position\":1,\"name\":\"Home\",\"item\":\"https:\\\/\\\/abonnement-maestrotv.org\\\/\"},{\"@type\":\"ListItem\",\"position\":2,\"name\":\"Formulaire de Parrainage\"}]},{\"@type\":\"WebSite\",\"@id\":\"https:\\\/\\\/abonnement-maestrotv.org\\\/#website\",\"url\":\"https:\\\/\\\/abonnement-maestrotv.org\\\/\",\"name\":\"abonnement-maestrotv\",\"description\":\"abonnement iptv\",\"publisher\":{\"@id\":\"https:\\\/\\\/abonnement-maestrotv.org\\\/#organization\"},\"potentialAction\":[{\"@type\":\"SearchAction\",\"target\":{\"@type\":\"EntryPoint\",\"urlTemplate\":\"https:\\\/\\\/abonnement-maestrotv.org\\\/?s={search_term_string}\"},\"query-input\":{\"@type\":\"PropertyValueSpecification\",\"valueRequired\":true,\"valueName\":\"search_term_string\"}}],\"inLanguage\":\"fr-FR\"},{\"@type\":\"Organization\",\"@id\":\"https:\\\/\\\/abonnement-maestrotv.org\\\/#organization\",\"name\":\"abonnement-maestrotv\",\"url\":\"https:\\\/\\\/abonnement-maestrotv.org\\\/\",\"logo\":{\"@type\":\"ImageObject\",\"inLanguage\":\"fr-FR\",\"@id\":\"https:\\\/\\\/abonnement-maestrotv.org\\\/#\\\/schema\\\/logo\\\/image\\\/\",\"url\":\"https:\\\/\\\/abonnement-maestrotv.org\\\/wp-content\\\/uploads\\\/2023\\\/07\\\/Logo.png\",\"contentUrl\":\"https:\\\/\\\/abonnement-maestrotv.org\\\/wp-content\\\/uploads\\\/2023\\\/07\\\/Logo.png\",\"width\":114,\"height\":114,\"caption\":\"abonnement-maestrotv\"},\"image\":{\"@id\":\"https:\\\/\\\/abonnement-maestrotv.org\\\/#\\\/schema\\\/logo\\\/image\\\/\"}}]}<\/script>\n<!-- \/ Yoast SEO plugin. -->","yoast_head_json":{"title":"Formulaire de Parrainage - abonnement-maestrotv","robots":{"index":"index","follow":"follow","max-snippet":"max-snippet:-1","max-image-preview":"max-image-preview:large","max-video-preview":"max-video-preview:-1"},"canonical":"https:\/\/abonnement-maestrotv.org\/index.php\/parrainage\/","og_locale":"fr_FR","og_type":"article","og_title":"Formulaire de Parrainage - abonnement-maestrotv","og_description":"\ud83c\udf81PARRAINAGE\ud83c\udf81 Avec Nos Serveurs IPTV, Vous \u00eates r\u00e9compens\u00e9s lorsque vous parlez de nous. En effet, \u00e0 chaque fois que l\u2019une de vos connaissances prendra attache avec nous et s&rsquo;engagera sur l&rsquo;un de nos abonnements de 12 Mois vous b\u00e9n\u00e9ficierez de 1 MOIS GRATUIT sur votre abonnement Actuel !&nbsp; Comment faire ? Tout simple, il suffit [&hellip;]","og_url":"https:\/\/abonnement-maestrotv.org\/index.php\/parrainage\/","og_site_name":"abonnement-maestrotv","article_modified_time":"2023-07-24T11:08:32+00:00","og_image":[{"url":"https:\/\/abonnement-maestrotv.org\/wp-content\/uploads\/2023\/07\/1579465953.png","type":"","width":"","height":""}],"twitter_card":"summary_large_image","twitter_misc":{"Dur\u00e9e de lecture estim\u00e9e":"1 minute"},"schema":{"@context":"https:\/\/schema.org","@graph":[{"@type":"WebPage","@id":"https:\/\/abonnement-maestrotv.org\/index.php\/parrainage\/","url":"https:\/\/abonnement-maestrotv.org\/index.php\/parrainage\/","name":"Formulaire de Parrainage - abonnement-maestrotv","isPartOf":{"@id":"https:\/\/abonnement-maestrotv.org\/#website"},"primaryImageOfPage":{"@id":"https:\/\/abonnement-maestrotv.org\/index.php\/parrainage\/#primaryimage"},"image":{"@id":"https:\/\/abonnement-maestrotv.org\/index.php\/parrainage\/#primaryimage"},"thumbnailUrl":"https:\/\/abonnement-maestrotv.org\/wp-content\/uploads\/2023\/07\/1579465953.png","datePublished":"2023-07-06T04:18:04+00:00","dateModified":"2023-07-24T11:08:32+00:00","breadcrumb":{"@id":"https:\/\/abonnement-maestrotv.org\/index.php\/parrainage\/#breadcrumb"},"inLanguage":"fr-FR","potentialAction":[{"@type":"ReadAction","target":["https:\/\/abonnement-maestrotv.org\/index.php\/parrainage\/"]}]},{"@type":"ImageObject","inLanguage":"fr-FR","@id":"https:\/\/abonnement-maestrotv.org\/index.php\/parrainage\/#primaryimage","url":"https:\/\/abonnement-maestrotv.org\/wp-content\/uploads\/2023\/07\/1579465953.png","contentUrl":"https:\/\/abonnement-maestrotv.org\/wp-content\/uploads\/2023\/07\/1579465953.png","width":1024,"height":302},{"@type":"BreadcrumbList","@id":"https:\/\/abonnement-maestrotv.org\/index.php\/parrainage\/#breadcrumb","itemListElement":[{"@type":"ListItem","position":1,"name":"Home","item":"https:\/\/abonnement-maestrotv.org\/"},{"@type":"ListItem","position":2,"name":"Formulaire de Parrainage"}]},{"@type":"WebSite","@id":"https:\/\/abonnement-maestrotv.org\/#website","url":"https:\/\/abonnement-maestrotv.org\/","name":"abonnement-maestrotv","description":"abonnement iptv","publisher":{"@id":"https:\/\/abonnement-maestrotv.org\/#organization"},"potentialAction":[{"@type":"SearchAction","target":{"@type":"EntryPoint","urlTemplate":"https:\/\/abonnement-maestrotv.org\/?s={search_term_string}"},"query-input":{"@type":"PropertyValueSpecification","valueRequired":true,"valueName":"search_term_string"}}],"inLanguage":"fr-FR"},{"@type":"Organization","@id":"https:\/\/abonnement-maestrotv.org\/#organization","name":"abonnement-maestrotv","url":"https:\/\/abonnement-maestrotv.org\/","logo":{"@type":"ImageObject","inLanguage":"fr-FR","@id":"https:\/\/abonnement-maestrotv.org\/#\/schema\/logo\/image\/","url":"https:\/\/abonnement-maestrotv.org\/wp-content\/uploads\/2023\/07\/Logo.png","contentUrl":"https:\/\/abonnement-maestrotv.org\/wp-content\/uploads\/2023\/07\/Logo.png","width":114,"height":114,"caption":"abonnement-maestrotv"},"image":{"@id":"https:\/\/abonnement-maestrotv.org\/#\/schema\/logo\/image\/"}}]}},"_links":{"self":[{"href":"https:\/\/abonnement-maestrotv.org\/index.php\/wp-json\/wp\/v2\/pages\/13","targetHints":{"allow":["GET"]}}],"collection":[{"href":"https:\/\/abonnement-maestrotv.org\/index.php\/wp-json\/wp\/v2\/pages"}],"about":[{"href":"https:\/\/abonnement-maestrotv.org\/index.php\/wp-json\/wp\/v2\/types\/page"}],"author":[{"embeddable":true,"href":"https:\/\/abonnement-maestrotv.org\/index.php\/wp-json\/wp\/v2\/users\/1"}],"replies":[{"embeddable":true,"href":"https:\/\/abonnement-maestrotv.org\/index.php\/wp-json\/wp\/v2\/comments?post=13"}],"version-history":[{"count":0,"href":"https:\/\/abonnement-maestrotv.org\/index.php\/wp-json\/wp\/v2\/pages\/13\/revisions"}],"wp:attachment":[{"href":"https:\/\/abonnement-maestrotv.org\/index.php\/wp-json\/wp\/v2\/media?parent=13"}],"curies":[{"name":"wp","href":"https:\/\/api.w.org\/{rel}","templated":true}]}}