{"id":1692,"date":"2023-08-27T06:23:20","date_gmt":"2023-08-27T04:23:20","guid":{"rendered":"https:\/\/abonnement-maestrotv.org\/?page_id=1692"},"modified":"2023-08-27T06:23:20","modified_gmt":"2023-08-27T04:23:20","slug":"iptv-sur-android","status":"publish","type":"page","link":"https:\/\/abonnement-maestrotv.org\/index.php\/iptv-sur-android\/","title":{"rendered":"IPTV SUR ANDROID"},"content":{"rendered":"\n<div class=\"wp-block-stackable-heading stk-block-heading stk-block-heading--v2 stk-block stk-958b166\" id=\"strong-span-style-color-var-palette-color-3-ff-1-a-1-a-class-stk-highlight-iptv-sur-android-span-strong\" data-block-id=\"958b166\"><h2 class=\"stk-block-heading__text has-text-align-center\"><strong><span style=\"color: var(--theme-palette-color-3, #ff1a1a);\" class=\"stk-highlight\">IPTV SUR ANDROID<\/span><\/strong><\/h2><\/div>\n\n\n\n<p><strong>\u00c9tape 1<\/strong>: Commencez par t\u00e9l\u00e9charger&nbsp;<strong>IPTV Smarters app<\/strong>&nbsp;&nbsp;par le biais de cette URL :&nbsp;<a href=\"https:\/\/www.iptvsmarters.com\/smarters.apk\">https:\/\/www.iptvsmarters.com\/smarters.apk<\/a><br><strong>\u00c9tape 2<\/strong>: Ouvrez l&rsquo;application une fois t\u00e9l\u00e9charg\u00e9e et entrez les d\u00e9tails de connexion.<\/p>\n\n\n\n<figure class=\"wp-block-image aligncenter\"><img decoding=\"async\" src=\"https:\/\/www.tvzland.com\/wp-content\/uploads\/2022\/07\/login-1024x473.png\" alt=\"\" class=\"wp-image-1264\"\/><\/figure>\n\n\n\n<p><strong>\u00c9tape 3<\/strong>: Saisissez les donn\u00e9es de connexion que nous vous avons fournies apr\u00e8s que vous vous \u00eates abonn\u00e9 \u00e0 notre service.<\/p>\n\n\n\n<p>Cliquez maintenant sur \u00ab\u00a0ADD USER\u00a0\u00bb pour passer \u00e0 la section suivante.<\/p>\n\n\n\n<p><strong>\u00c9tape 4<\/strong>: Attendez quelques secondes.<\/p>\n\n\n\n<p><strong>\u00c9tape 5<\/strong>: Cliquez ensuite sur l&rsquo;ic\u00f4ne \u00ab\u00a0Live TV\u00a0\u00bb comme indiqu\u00e9 sur l&rsquo;image par une fl\u00e8che rouge.<\/p>\n\n\n\n<figure class=\"wp-block-image aligncenter\"><img decoding=\"async\" src=\"https:\/\/www.tvzland.com\/wp-content\/uploads\/2022\/07\/Dashboard-1024x473.png\" alt=\"\" class=\"wp-image-1265\"\/><\/figure>\n\n\n\n<p><strong>\u00c9tape 6<\/strong>: Vous devez maintenant s\u00e9lectionner le groupe de cha\u00eenes que vous souhaitez regarder et passer \u00e0 la section suivante.<\/p>\n\n\n\n<p><strong>\u00c9tape 7<\/strong>: Vous devez maintenant cliquer sur le nom de la cha\u00eene, puis double-cliquer sur le petit \u00e9cran pour le transformer en plein \u00e9cran.<\/p>\n\n\n\n<p><strong>Termin\u00e9<\/strong><\/p>\n","protected":false},"excerpt":{"rendered":"<p>IPTV SUR ANDROID \u00c9tape 1: Commencez par t\u00e9l\u00e9charger&nbsp;IPTV Smarters app&nbsp;&nbsp;par le biais de cette URL :&nbsp;https:\/\/www.iptvsmarters.com\/smarters.apk\u00c9tape 2: Ouvrez l&rsquo;application une fois t\u00e9l\u00e9charg\u00e9e et entrez les d\u00e9tails de connexion. \u00c9tape 3: Saisissez les donn\u00e9es de connexion que nous vous avons fournies apr\u00e8s que vous vous \u00eates abonn\u00e9 \u00e0 notre service. Cliquez maintenant sur \u00ab\u00a0ADD USER\u00a0\u00bb pour [&hellip;]<\/p>\n","protected":false},"author":1,"featured_media":0,"parent":0,"menu_order":0,"comment_status":"closed","ping_status":"closed","template":"","meta":{"footnotes":""},"class_list":["post-1692","page","type-page","status-publish","hentry"],"blocksy_meta":[],"yoast_head":"<!-- This site is optimized with the Yoast SEO plugin v27.3 - https:\/\/yoast.com\/product\/yoast-seo-wordpress\/ -->\n<title>IPTV SUR ANDROID - abonnement-maestrotv<\/title>\n<meta name=\"robots\" content=\"index, follow, max-snippet:-1, max-image-preview:large, max-video-preview:-1\" \/>\n<link rel=\"canonical\" href=\"https:\/\/abonnement-maestrotv.org\/index.php\/iptv-sur-android\/\" \/>\n<meta property=\"og:locale\" content=\"fr_FR\" \/>\n<meta property=\"og:type\" content=\"article\" \/>\n<meta property=\"og:title\" content=\"IPTV SUR ANDROID - abonnement-maestrotv\" \/>\n<meta property=\"og:description\" content=\"IPTV SUR ANDROID \u00c9tape 1: Commencez par t\u00e9l\u00e9charger&nbsp;IPTV Smarters app&nbsp;&nbsp;par le biais de cette URL :&nbsp;https:\/\/www.iptvsmarters.com\/smarters.apk\u00c9tape 2: Ouvrez l&rsquo;application une fois t\u00e9l\u00e9charg\u00e9e et entrez les d\u00e9tails de connexion. \u00c9tape 3: Saisissez les donn\u00e9es de connexion que nous vous avons fournies apr\u00e8s que vous vous \u00eates abonn\u00e9 \u00e0 notre service. Cliquez maintenant sur \u00ab\u00a0ADD USER\u00a0\u00bb pour [&hellip;]\" \/>\n<meta property=\"og:url\" content=\"https:\/\/abonnement-maestrotv.org\/index.php\/iptv-sur-android\/\" \/>\n<meta property=\"og:site_name\" content=\"abonnement-maestrotv\" \/>\n<meta property=\"og:image\" content=\"https:\/\/www.tvzland.com\/wp-content\/uploads\/2022\/07\/login-1024x473.png\" \/>\n<meta name=\"twitter:card\" content=\"summary_large_image\" \/>\n<script type=\"application\/ld+json\" class=\"yoast-schema-graph\">{\"@context\":\"https:\\\/\\\/schema.org\",\"@graph\":[{\"@type\":\"WebPage\",\"@id\":\"https:\\\/\\\/abonnement-maestrotv.org\\\/index.php\\\/iptv-sur-android\\\/\",\"url\":\"https:\\\/\\\/abonnement-maestrotv.org\\\/index.php\\\/iptv-sur-android\\\/\",\"name\":\"IPTV SUR ANDROID - abonnement-maestrotv\",\"isPartOf\":{\"@id\":\"https:\\\/\\\/abonnement-maestrotv.org\\\/#website\"},\"primaryImageOfPage\":{\"@id\":\"https:\\\/\\\/abonnement-maestrotv.org\\\/index.php\\\/iptv-sur-android\\\/#primaryimage\"},\"image\":{\"@id\":\"https:\\\/\\\/abonnement-maestrotv.org\\\/index.php\\\/iptv-sur-android\\\/#primaryimage\"},\"thumbnailUrl\":\"https:\\\/\\\/www.tvzland.com\\\/wp-content\\\/uploads\\\/2022\\\/07\\\/login-1024x473.png\",\"datePublished\":\"2023-08-27T04:23:20+00:00\",\"breadcrumb\":{\"@id\":\"https:\\\/\\\/abonnement-maestrotv.org\\\/index.php\\\/iptv-sur-android\\\/#breadcrumb\"},\"inLanguage\":\"fr-FR\",\"potentialAction\":[{\"@type\":\"ReadAction\",\"target\":[\"https:\\\/\\\/abonnement-maestrotv.org\\\/index.php\\\/iptv-sur-android\\\/\"]}]},{\"@type\":\"ImageObject\",\"inLanguage\":\"fr-FR\",\"@id\":\"https:\\\/\\\/abonnement-maestrotv.org\\\/index.php\\\/iptv-sur-android\\\/#primaryimage\",\"url\":\"https:\\\/\\\/www.tvzland.com\\\/wp-content\\\/uploads\\\/2022\\\/07\\\/login-1024x473.png\",\"contentUrl\":\"https:\\\/\\\/www.tvzland.com\\\/wp-content\\\/uploads\\\/2022\\\/07\\\/login-1024x473.png\"},{\"@type\":\"BreadcrumbList\",\"@id\":\"https:\\\/\\\/abonnement-maestrotv.org\\\/index.php\\\/iptv-sur-android\\\/#breadcrumb\",\"itemListElement\":[{\"@type\":\"ListItem\",\"position\":1,\"name\":\"Home\",\"item\":\"https:\\\/\\\/abonnement-maestrotv.org\\\/\"},{\"@type\":\"ListItem\",\"position\":2,\"name\":\"IPTV SUR ANDROID\"}]},{\"@type\":\"WebSite\",\"@id\":\"https:\\\/\\\/abonnement-maestrotv.org\\\/#website\",\"url\":\"https:\\\/\\\/abonnement-maestrotv.org\\\/\",\"name\":\"abonnement-maestrotv\",\"description\":\"abonnement iptv\",\"publisher\":{\"@id\":\"https:\\\/\\\/abonnement-maestrotv.org\\\/#organization\"},\"potentialAction\":[{\"@type\":\"SearchAction\",\"target\":{\"@type\":\"EntryPoint\",\"urlTemplate\":\"https:\\\/\\\/abonnement-maestrotv.org\\\/?s={search_term_string}\"},\"query-input\":{\"@type\":\"PropertyValueSpecification\",\"valueRequired\":true,\"valueName\":\"search_term_string\"}}],\"inLanguage\":\"fr-FR\"},{\"@type\":\"Organization\",\"@id\":\"https:\\\/\\\/abonnement-maestrotv.org\\\/#organization\",\"name\":\"abonnement-maestrotv\",\"url\":\"https:\\\/\\\/abonnement-maestrotv.org\\\/\",\"logo\":{\"@type\":\"ImageObject\",\"inLanguage\":\"fr-FR\",\"@id\":\"https:\\\/\\\/abonnement-maestrotv.org\\\/#\\\/schema\\\/logo\\\/image\\\/\",\"url\":\"https:\\\/\\\/abonnement-maestrotv.org\\\/wp-content\\\/uploads\\\/2023\\\/07\\\/Logo.png\",\"contentUrl\":\"https:\\\/\\\/abonnement-maestrotv.org\\\/wp-content\\\/uploads\\\/2023\\\/07\\\/Logo.png\",\"width\":114,\"height\":114,\"caption\":\"abonnement-maestrotv\"},\"image\":{\"@id\":\"https:\\\/\\\/abonnement-maestrotv.org\\\/#\\\/schema\\\/logo\\\/image\\\/\"}}]}<\/script>\n<!-- \/ Yoast SEO plugin. -->","yoast_head_json":{"title":"IPTV SUR ANDROID - abonnement-maestrotv","robots":{"index":"index","follow":"follow","max-snippet":"max-snippet:-1","max-image-preview":"max-image-preview:large","max-video-preview":"max-video-preview:-1"},"canonical":"https:\/\/abonnement-maestrotv.org\/index.php\/iptv-sur-android\/","og_locale":"fr_FR","og_type":"article","og_title":"IPTV SUR ANDROID - abonnement-maestrotv","og_description":"IPTV SUR ANDROID \u00c9tape 1: Commencez par t\u00e9l\u00e9charger&nbsp;IPTV Smarters app&nbsp;&nbsp;par le biais de cette URL :&nbsp;https:\/\/www.iptvsmarters.com\/smarters.apk\u00c9tape 2: Ouvrez l&rsquo;application une fois t\u00e9l\u00e9charg\u00e9e et entrez les d\u00e9tails de connexion. \u00c9tape 3: Saisissez les donn\u00e9es de connexion que nous vous avons fournies apr\u00e8s que vous vous \u00eates abonn\u00e9 \u00e0 notre service. Cliquez maintenant sur \u00ab\u00a0ADD USER\u00a0\u00bb pour [&hellip;]","og_url":"https:\/\/abonnement-maestrotv.org\/index.php\/iptv-sur-android\/","og_site_name":"abonnement-maestrotv","og_image":[{"url":"https:\/\/www.tvzland.com\/wp-content\/uploads\/2022\/07\/login-1024x473.png","type":"","width":"","height":""}],"twitter_card":"summary_large_image","schema":{"@context":"https:\/\/schema.org","@graph":[{"@type":"WebPage","@id":"https:\/\/abonnement-maestrotv.org\/index.php\/iptv-sur-android\/","url":"https:\/\/abonnement-maestrotv.org\/index.php\/iptv-sur-android\/","name":"IPTV SUR ANDROID - abonnement-maestrotv","isPartOf":{"@id":"https:\/\/abonnement-maestrotv.org\/#website"},"primaryImageOfPage":{"@id":"https:\/\/abonnement-maestrotv.org\/index.php\/iptv-sur-android\/#primaryimage"},"image":{"@id":"https:\/\/abonnement-maestrotv.org\/index.php\/iptv-sur-android\/#primaryimage"},"thumbnailUrl":"https:\/\/www.tvzland.com\/wp-content\/uploads\/2022\/07\/login-1024x473.png","datePublished":"2023-08-27T04:23:20+00:00","breadcrumb":{"@id":"https:\/\/abonnement-maestrotv.org\/index.php\/iptv-sur-android\/#breadcrumb"},"inLanguage":"fr-FR","potentialAction":[{"@type":"ReadAction","target":["https:\/\/abonnement-maestrotv.org\/index.php\/iptv-sur-android\/"]}]},{"@type":"ImageObject","inLanguage":"fr-FR","@id":"https:\/\/abonnement-maestrotv.org\/index.php\/iptv-sur-android\/#primaryimage","url":"https:\/\/www.tvzland.com\/wp-content\/uploads\/2022\/07\/login-1024x473.png","contentUrl":"https:\/\/www.tvzland.com\/wp-content\/uploads\/2022\/07\/login-1024x473.png"},{"@type":"BreadcrumbList","@id":"https:\/\/abonnement-maestrotv.org\/index.php\/iptv-sur-android\/#breadcrumb","itemListElement":[{"@type":"ListItem","position":1,"name":"Home","item":"https:\/\/abonnement-maestrotv.org\/"},{"@type":"ListItem","position":2,"name":"IPTV SUR ANDROID"}]},{"@type":"WebSite","@id":"https:\/\/abonnement-maestrotv.org\/#website","url":"https:\/\/abonnement-maestrotv.org\/","name":"abonnement-maestrotv","description":"abonnement iptv","publisher":{"@id":"https:\/\/abonnement-maestrotv.org\/#organization"},"potentialAction":[{"@type":"SearchAction","target":{"@type":"EntryPoint","urlTemplate":"https:\/\/abonnement-maestrotv.org\/?s={search_term_string}"},"query-input":{"@type":"PropertyValueSpecification","valueRequired":true,"valueName":"search_term_string"}}],"inLanguage":"fr-FR"},{"@type":"Organization","@id":"https:\/\/abonnement-maestrotv.org\/#organization","name":"abonnement-maestrotv","url":"https:\/\/abonnement-maestrotv.org\/","logo":{"@type":"ImageObject","inLanguage":"fr-FR","@id":"https:\/\/abonnement-maestrotv.org\/#\/schema\/logo\/image\/","url":"https:\/\/abonnement-maestrotv.org\/wp-content\/uploads\/2023\/07\/Logo.png","contentUrl":"https:\/\/abonnement-maestrotv.org\/wp-content\/uploads\/2023\/07\/Logo.png","width":114,"height":114,"caption":"abonnement-maestrotv"},"image":{"@id":"https:\/\/abonnement-maestrotv.org\/#\/schema\/logo\/image\/"}}]}},"_links":{"self":[{"href":"https:\/\/abonnement-maestrotv.org\/index.php\/wp-json\/wp\/v2\/pages\/1692","targetHints":{"allow":["GET"]}}],"collection":[{"href":"https:\/\/abonnement-maestrotv.org\/index.php\/wp-json\/wp\/v2\/pages"}],"about":[{"href":"https:\/\/abonnement-maestrotv.org\/index.php\/wp-json\/wp\/v2\/types\/page"}],"author":[{"embeddable":true,"href":"https:\/\/abonnement-maestrotv.org\/index.php\/wp-json\/wp\/v2\/users\/1"}],"replies":[{"embeddable":true,"href":"https:\/\/abonnement-maestrotv.org\/index.php\/wp-json\/wp\/v2\/comments?post=1692"}],"version-history":[{"count":1,"href":"https:\/\/abonnement-maestrotv.org\/index.php\/wp-json\/wp\/v2\/pages\/1692\/revisions"}],"predecessor-version":[{"id":1693,"href":"https:\/\/abonnement-maestrotv.org\/index.php\/wp-json\/wp\/v2\/pages\/1692\/revisions\/1693"}],"wp:attachment":[{"href":"https:\/\/abonnement-maestrotv.org\/index.php\/wp-json\/wp\/v2\/media?parent=1692"}],"curies":[{"name":"wp","href":"https:\/\/api.w.org\/{rel}","templated":true}]}}